{"id":774,"date":"2022-05-19T00:31:47","date_gmt":"2022-05-18T22:31:47","guid":{"rendered":"https:\/\/www.barfzeit.com\/?page_id=774"},"modified":"2025-08-19T23:15:56","modified_gmt":"2025-08-19T21:15:56","slug":"kontakt","status":"publish","type":"page","link":"https:\/\/www.barfzeit.com\/en\/kontakt\/","title":{"rendered":"Contact"},"content":{"rendered":"\t\t<div data-elementor-type=\"wp-page\" data-elementor-id=\"774\" class=\"elementor elementor-774\" data-elementor-post-type=\"page\">\n\t\t\t\t\t\t<section data-particle_enable=\"false\" data-particle-mobile-disabled=\"false\" class=\"elementor-section elementor-top-section elementor-element elementor-element-b716da8 elementor-section-boxed elementor-section-height-default elementor-section-height-default\" data-id=\"b716da8\" data-element_type=\"section\" data-e-type=\"section\">\n\t\t\t\t\t\t<div class=\"elementor-container elementor-column-gap-default\">\n\t\t\t\t\t<div class=\"elementor-column elementor-col-50 elementor-top-column elementor-element elementor-element-5ebfbb47\" data-id=\"5ebfbb47\" data-element_type=\"column\" data-e-type=\"column\" data-settings=\"{&quot;background_background&quot;:&quot;classic&quot;}\">\n\t\t\t<div class=\"elementor-widget-wrap elementor-element-populated\">\n\t\t\t\t\t\t<div class=\"elementor-element elementor-element-75e42da3 elementor-widget elementor-widget-heading\" data-id=\"75e42da3\" data-element_type=\"widget\" data-e-type=\"widget\" data-widget_type=\"heading.default\">\n\t\t\t\t<div class=\"elementor-widget-container\">\n\t\t\t\t\t<h4 class=\"elementor-heading-title elementor-size-default\">Kontakt<\/h4>\t\t\t\t<\/div>\n\t\t\t\t<\/div>\n\t\t\t\t<div class=\"elementor-element elementor-element-72eb154a elementor-widget elementor-widget-heading\" data-id=\"72eb154a\" data-element_type=\"widget\" data-e-type=\"widget\" data-widget_type=\"heading.default\">\n\t\t\t\t<div class=\"elementor-widget-container\">\n\t\t\t\t\t<h1 class=\"elementor-heading-title elementor-size-default\">Sende mir eine Nachricht mit deinen Fragen<\/h1>\t\t\t\t<\/div>\n\t\t\t\t<\/div>\n\t\t\t\t<div class=\"elementor-element elementor-element-15a66df1 elementor-widget elementor-widget-text-editor\" data-id=\"15a66df1\" data-element_type=\"widget\" data-e-type=\"widget\" data-widget_type=\"text-editor.default\">\n\t\t\t\t<div class=\"elementor-widget-container\">\n\t\t\t\t\t\t\t\t\t<ul><li>Anfragen zur Hundeern\u00e4hrung<\/li><li>Anfragen f\u00fcr Ern\u00e4hrungspl\u00e4ne f\u00fcr deinen Hund<\/li><li>Allgemeine Fragen rund um das Thema Hunde<\/li><li>Anfragen f\u00fcr Kooperationen<\/li><\/ul>\t\t\t\t\t\t\t\t<\/div>\n\t\t\t\t<\/div>\n\t\t\t\t<div class=\"elementor-element elementor-element-bcf49e2 elementor-widget elementor-widget-text-editor\" data-id=\"bcf49e2\" data-element_type=\"widget\" data-e-type=\"widget\" data-widget_type=\"text-editor.default\">\n\t\t\t\t<div class=\"elementor-widget-container\">\n\t\t\t\t\t\t\t\t\t<p>Email: <a href=\"mailto:info@barfzeit.com\">info@barfzeit.com<\/a><\/p>\t\t\t\t\t\t\t\t<\/div>\n\t\t\t\t<\/div>\n\t\t\t\t<div class=\"elementor-element elementor-element-15e43d08 elementor-widget elementor-widget-heading\" data-id=\"15e43d08\" data-element_type=\"widget\" data-e-type=\"widget\" data-widget_type=\"heading.default\">\n\t\t\t\t<div class=\"elementor-widget-container\">\n\t\t\t\t\t<h2 class=\"elementor-heading-title elementor-size-default\">Wiola Kruczkiewicz<\/h2>\t\t\t\t<\/div>\n\t\t\t\t<\/div>\n\t\t\t\t\t<\/div>\n\t\t<\/div>\n\t\t\t\t<div class=\"elementor-column elementor-col-50 elementor-top-column elementor-element elementor-element-11c06fcb\" data-id=\"11c06fcb\" data-element_type=\"column\" data-e-type=\"column\" data-settings=\"{&quot;background_background&quot;:&quot;classic&quot;}\">\n\t\t\t<div class=\"elementor-widget-wrap elementor-element-populated\">\n\t\t\t\t\t\t<div class=\"elementor-element elementor-element-374f042d elementor-button-align-stretch elementor-widget elementor-widget-form\" data-id=\"374f042d\" data-element_type=\"widget\" data-e-type=\"widget\" data-settings=\"{&quot;button_width&quot;:&quot;25&quot;,&quot;button_width_tablet&quot;:&quot;100&quot;,&quot;step_next_label&quot;:&quot;N\\u00e4chster&quot;,&quot;step_previous_label&quot;:&quot;Voriger&quot;,&quot;step_type&quot;:&quot;number_text&quot;,&quot;step_icon_shape&quot;:&quot;circle&quot;}\" data-widget_type=\"form.default\">\n\t\t\t\t<div class=\"elementor-widget-container\">\n\t\t\t\t\t\t\t<form class=\"elementor-form\" method=\"post\" name=\"Contact Form\" aria-label=\"Contact Form\">\n\t\t\t<input type=\"hidden\" name=\"post_id\" value=\"774\"\/>\n\t\t\t<input type=\"hidden\" name=\"form_id\" value=\"374f042d\"\/>\n\t\t\t<input type=\"hidden\" name=\"referer_title\" value=\"Barfzeit\" \/>\n\n\t\t\t\n\t\t\t<div class=\"elementor-form-fields-wrapper elementor-labels-\">\n\t\t\t\t\t\t\t\t<div class=\"elementor-field-type-text elementor-field-group elementor-column elementor-field-group-field_fc39e65 elementor-col-100\">\n\t\t\t\t\t\t\t\t\t\t\t\t<label for=\"form-field-field_fc39e65\" class=\"elementor-field-label elementor-screen-only\">\n\t\t\t\t\t\t\t\tName\t\t\t\t\t\t\t<\/label>\n\t\t\t\t\t\t\t\t\t\t\t\t\t\t<input size=\"1\" type=\"text\" name=\"form_fields[field_fc39e65]\" id=\"form-field-field_fc39e65\" class=\"elementor-field elementor-size-md  elementor-field-textual\" placeholder=\"Dein Name\">\n\t\t\t\t\t\t\t\t\t\t\t<\/div>\n\t\t\t\t\t\t\t\t<div class=\"elementor-field-type-email elementor-field-group elementor-column elementor-field-group-email elementor-col-100 elementor-md-100 elementor-field-required\">\n\t\t\t\t\t\t\t\t\t\t\t\t<label for=\"form-field-email\" class=\"elementor-field-label elementor-screen-only\">\n\t\t\t\t\t\t\t\tEmail\t\t\t\t\t\t\t<\/label>\n\t\t\t\t\t\t\t\t\t\t\t\t\t\t<input size=\"1\" type=\"email\" name=\"form_fields[email]\" id=\"form-field-email\" class=\"elementor-field elementor-size-md  elementor-field-textual\" placeholder=\"Deine E-Mail\" required=\"required\">\n\t\t\t\t\t\t\t\t\t\t\t<\/div>\n\t\t\t\t\t\t\t\t<div class=\"elementor-field-type-text elementor-field-group elementor-column elementor-field-group-field_453debe elementor-col-100\">\n\t\t\t\t\t\t\t\t\t\t\t\t<label for=\"form-field-field_453debe\" class=\"elementor-field-label elementor-screen-only\">\n\t\t\t\t\t\t\t\tSubject\t\t\t\t\t\t\t<\/label>\n\t\t\t\t\t\t\t\t\t\t\t\t\t\t<input size=\"1\" type=\"text\" name=\"form_fields[field_453debe]\" id=\"form-field-field_453debe\" class=\"elementor-field elementor-size-md  elementor-field-textual\" placeholder=\"Betreff\">\n\t\t\t\t\t\t\t\t\t\t\t<\/div>\n\t\t\t\t\t\t\t\t<div class=\"elementor-field-type-textarea elementor-field-group elementor-column elementor-field-group-field_09b46c5 elementor-col-100\">\n\t\t\t\t\t\t\t\t\t\t\t\t<label for=\"form-field-field_09b46c5\" class=\"elementor-field-label elementor-screen-only\">\n\t\t\t\t\t\t\t\tMessage\t\t\t\t\t\t\t<\/label>\n\t\t\t\t\t\t<textarea class=\"elementor-field-textual elementor-field  elementor-size-md\" name=\"form_fields[field_09b46c5]\" id=\"form-field-field_09b46c5\" rows=\"4\" placeholder=\"Deine Nachricht...\"><\/textarea>\t\t\t\t<\/div>\n\t\t\t\t\t\t\t\t<div class=\"elementor-field-type-acceptance elementor-field-group elementor-column elementor-field-group-field_be0d56f elementor-col-100 elementor-field-required\">\n\t\t\t\t\t\t\t<div class=\"elementor-field-subgroup\">\n\t\t\t<span class=\"elementor-field-option\">\n\t\t\t\t<input type=\"checkbox\" name=\"form_fields[field_be0d56f]\" id=\"form-field-field_be0d56f\" class=\"elementor-field elementor-size-md  elementor-acceptance-field\" required=\"required\">\n\t\t\t\t<label for=\"form-field-field_be0d56f\">Ich stimme der Verarbeitung meiner Daten gem\u00e4\u00df der Datenschutzerkl\u00e4rung zu.<\/label>\t\t\t<\/span>\n\t\t<\/div>\n\t\t\t\t\t\t<\/div>\n\t\t\t\t\t\t\t\t<div class=\"elementor-field-type-text\">\n\t\t\t\t\t<input size=\"1\" type=\"text\" name=\"form_fields[field_302046b]\" id=\"form-field-field_302046b\" class=\"elementor-field elementor-size-md \" style=\"display:none !important;\">\t\t\t\t<\/div>\n\t\t\t\t\t\t\t\t<div class=\"elementor-field-type-recaptcha elementor-field-group elementor-column elementor-field-group-field_15406e9 elementor-col-100\">\n\t\t\t\t\t<div class=\"elementor-field\" id=\"form-field-field_15406e9\"><div class=\"elementor-g-recaptcha\" data-sitekey=\"6Lf5QKUsAAAAABn8njy6li_bNY5Wu8j82B8I_KyE\" data-type=\"v2_checkbox\" data-theme=\"light\" data-size=\"normal\"><\/div><\/div>\t\t\t\t<\/div>\n\t\t\t\t\t\t\t\t<div class=\"elementor-field-group elementor-column elementor-field-type-submit elementor-col-25 e-form__buttons elementor-md-100\">\n\t\t\t\t\t<button class=\"elementor-button elementor-size-md elementor-animation-shrink\" type=\"submit\">\n\t\t\t\t\t\t<span class=\"elementor-button-content-wrapper\">\n\t\t\t\t\t\t\t\t\t\t\t\t\t\t\t<span class=\"elementor-button-icon\">\n\t\t\t\t\t\t\t\t\t<i aria-hidden=\"true\" class=\"far fa-paper-plane\"><\/i>\t\t\t\t\t\t\t\t\t\t\t\t\t\t\t\t\t<\/span>\n\t\t\t\t\t\t\t\t\t\t\t\t\t\t\t\t\t\t\t\t\t\t<span class=\"elementor-button-text\">Senden<\/span>\n\t\t\t\t\t\t\t\t\t\t\t\t\t<\/span>\n\t\t\t\t\t<\/button>\n\t\t\t\t<\/div>\n\t\t\t<\/div>\n\t\t<\/form>\n\t\t\t\t\t\t<\/div>\n\t\t\t\t<\/div>\n\t\t\t\t\t<\/div>\n\t\t<\/div>\n\t\t\t\t\t<\/div>\n\t\t<\/section>\n\t\t\t\t<\/div>\n\t\t","protected":false},"excerpt":{"rendered":"<p>Contact Send me a message with your questions Enquiries about dog nutrition Enquiries about nutrition plans for your dog General questions about dogs Enquiries about cooperations Email: info@barfzeit.com Wiola Kruczkiewicz<\/p>","protected":false},"author":10,"featured_media":0,"parent":0,"menu_order":0,"comment_status":"closed","ping_status":"closed","template":"","meta":{"footnotes":""},"class_list":["post-774","page","type-page","status-publish","hentry"],"yoast_head":"<!-- This site is optimized with the Yoast SEO plugin v27.4 - https:\/\/yoast.com\/product\/yoast-seo-wordpress\/ -->\n<title>Barfzeit - Kontakt<\/title>\n<meta name=\"robots\" content=\"index, follow, max-snippet:-1, max-image-preview:large, max-video-preview:-1\" \/>\n<link rel=\"canonical\" href=\"https:\/\/www.barfzeit.com\/en\/kontakt\/\" \/>\n<meta property=\"og:locale\" content=\"en_US\" \/>\n<meta property=\"og:type\" content=\"article\" \/>\n<meta property=\"og:title\" content=\"Barfzeit - Kontakt\" \/>\n<meta property=\"og:description\" content=\"Kontakt Sende mir eine Nachricht mit deinen Fragen Anfragen zur Hundeern\u00e4hrung Anfragen f\u00fcr Ern\u00e4hrungspl\u00e4ne f\u00fcr deinen Hund Allgemeine Fragen rund um das Thema Hunde Anfragen f\u00fcr Kooperationen Email: info@barfzeit.com Wiola Kruczkiewicz\" \/>\n<meta property=\"og:url\" content=\"https:\/\/www.barfzeit.com\/en\/kontakt\/\" \/>\n<meta property=\"og:site_name\" content=\"Barfzeit\" \/>\n<meta property=\"article:modified_time\" content=\"2025-08-19T21:15:56+00:00\" \/>\n<meta name=\"twitter:card\" content=\"summary_large_image\" \/>\n<meta name=\"twitter:label1\" content=\"Est. reading time\" \/>\n\t<meta name=\"twitter:data1\" content=\"1 minute\" \/>\n<script type=\"application\/ld+json\" class=\"yoast-schema-graph\">{\"@context\":\"https:\\\/\\\/schema.org\",\"@graph\":[{\"@type\":\"WebPage\",\"@id\":\"https:\\\/\\\/www.barfzeit.com\\\/kontakt\\\/\",\"url\":\"https:\\\/\\\/www.barfzeit.com\\\/kontakt\\\/\",\"name\":\"Barfzeit - Kontakt\",\"isPartOf\":{\"@id\":\"https:\\\/\\\/www.barfzeit.com\\\/#website\"},\"datePublished\":\"2022-05-18T22:31:47+00:00\",\"dateModified\":\"2025-08-19T21:15:56+00:00\",\"breadcrumb\":{\"@id\":\"https:\\\/\\\/www.barfzeit.com\\\/kontakt\\\/#breadcrumb\"},\"inLanguage\":\"en-US\",\"potentialAction\":[{\"@type\":\"ReadAction\",\"target\":[\"https:\\\/\\\/www.barfzeit.com\\\/kontakt\\\/\"]}]},{\"@type\":\"BreadcrumbList\",\"@id\":\"https:\\\/\\\/www.barfzeit.com\\\/kontakt\\\/#breadcrumb\",\"itemListElement\":[{\"@type\":\"ListItem\",\"position\":1,\"name\":\"Home\",\"item\":\"https:\\\/\\\/www.barfzeit.com\\\/step\\\/barfzeit-ernaehrungsplan-a\\\/\"},{\"@type\":\"ListItem\",\"position\":2,\"name\":\"Kontakt\"}]},{\"@type\":\"WebSite\",\"@id\":\"https:\\\/\\\/www.barfzeit.com\\\/#website\",\"url\":\"https:\\\/\\\/www.barfzeit.com\\\/\",\"name\":\"Barfzeit\",\"description\":\"\",\"publisher\":{\"@id\":\"https:\\\/\\\/www.barfzeit.com\\\/#organization\"},\"potentialAction\":[{\"@type\":\"SearchAction\",\"target\":{\"@type\":\"EntryPoint\",\"urlTemplate\":\"https:\\\/\\\/www.barfzeit.com\\\/?s={search_term_string}\"},\"query-input\":{\"@type\":\"PropertyValueSpecification\",\"valueRequired\":true,\"valueName\":\"search_term_string\"}}],\"inLanguage\":\"en-US\"},{\"@type\":\"Organization\",\"@id\":\"https:\\\/\\\/www.barfzeit.com\\\/#organization\",\"name\":\"Barfzeit\",\"url\":\"https:\\\/\\\/www.barfzeit.com\\\/\",\"logo\":{\"@type\":\"ImageObject\",\"inLanguage\":\"en-US\",\"@id\":\"https:\\\/\\\/www.barfzeit.com\\\/#\\\/schema\\\/logo\\\/image\\\/\",\"url\":\"https:\\\/\\\/www.barfzeit.com\\\/wp-content\\\/uploads\\\/2023\\\/11\\\/Logo.png\",\"contentUrl\":\"https:\\\/\\\/www.barfzeit.com\\\/wp-content\\\/uploads\\\/2023\\\/11\\\/Logo.png\",\"width\":1080,\"height\":1080,\"caption\":\"Barfzeit\"},\"image\":{\"@id\":\"https:\\\/\\\/www.barfzeit.com\\\/#\\\/schema\\\/logo\\\/image\\\/\"}}]}<\/script>\n<!-- \/ Yoast SEO plugin. -->","yoast_head_json":{"title":"Barfzeit - Kontakt","robots":{"index":"index","follow":"follow","max-snippet":"max-snippet:-1","max-image-preview":"max-image-preview:large","max-video-preview":"max-video-preview:-1"},"canonical":"https:\/\/www.barfzeit.com\/en\/kontakt\/","og_locale":"en_US","og_type":"article","og_title":"Barfzeit - Kontakt","og_description":"Kontakt Sende mir eine Nachricht mit deinen Fragen Anfragen zur Hundeern\u00e4hrung Anfragen f\u00fcr Ern\u00e4hrungspl\u00e4ne f\u00fcr deinen Hund Allgemeine Fragen rund um das Thema Hunde Anfragen f\u00fcr Kooperationen Email: info@barfzeit.com Wiola Kruczkiewicz","og_url":"https:\/\/www.barfzeit.com\/en\/kontakt\/","og_site_name":"Barfzeit","article_modified_time":"2025-08-19T21:15:56+00:00","twitter_card":"summary_large_image","twitter_misc":{"Est. reading time":"1 minute"},"schema":{"@context":"https:\/\/schema.org","@graph":[{"@type":"WebPage","@id":"https:\/\/www.barfzeit.com\/kontakt\/","url":"https:\/\/www.barfzeit.com\/kontakt\/","name":"Barfzeit - Kontakt","isPartOf":{"@id":"https:\/\/www.barfzeit.com\/#website"},"datePublished":"2022-05-18T22:31:47+00:00","dateModified":"2025-08-19T21:15:56+00:00","breadcrumb":{"@id":"https:\/\/www.barfzeit.com\/kontakt\/#breadcrumb"},"inLanguage":"en-US","potentialAction":[{"@type":"ReadAction","target":["https:\/\/www.barfzeit.com\/kontakt\/"]}]},{"@type":"BreadcrumbList","@id":"https:\/\/www.barfzeit.com\/kontakt\/#breadcrumb","itemListElement":[{"@type":"ListItem","position":1,"name":"Home","item":"https:\/\/www.barfzeit.com\/step\/barfzeit-ernaehrungsplan-a\/"},{"@type":"ListItem","position":2,"name":"Kontakt"}]},{"@type":"WebSite","@id":"https:\/\/www.barfzeit.com\/#website","url":"https:\/\/www.barfzeit.com\/","name":"Barf time","description":"","publisher":{"@id":"https:\/\/www.barfzeit.com\/#organization"},"potentialAction":[{"@type":"SearchAction","target":{"@type":"EntryPoint","urlTemplate":"https:\/\/www.barfzeit.com\/?s={search_term_string}"},"query-input":{"@type":"PropertyValueSpecification","valueRequired":true,"valueName":"search_term_string"}}],"inLanguage":"en-US"},{"@type":"Organization","@id":"https:\/\/www.barfzeit.com\/#organization","name":"Barf time","url":"https:\/\/www.barfzeit.com\/","logo":{"@type":"ImageObject","inLanguage":"en-US","@id":"https:\/\/www.barfzeit.com\/#\/schema\/logo\/image\/","url":"https:\/\/www.barfzeit.com\/wp-content\/uploads\/2023\/11\/Logo.png","contentUrl":"https:\/\/www.barfzeit.com\/wp-content\/uploads\/2023\/11\/Logo.png","width":1080,"height":1080,"caption":"Barfzeit"},"image":{"@id":"https:\/\/www.barfzeit.com\/#\/schema\/logo\/image\/"}}]}},"jetpack_sharing_enabled":true,"_links":{"self":[{"href":"https:\/\/www.barfzeit.com\/en\/wp-json\/wp\/v2\/pages\/774","targetHints":{"allow":["GET"]}}],"collection":[{"href":"https:\/\/www.barfzeit.com\/en\/wp-json\/wp\/v2\/pages"}],"about":[{"href":"https:\/\/www.barfzeit.com\/en\/wp-json\/wp\/v2\/types\/page"}],"author":[{"embeddable":true,"href":"https:\/\/www.barfzeit.com\/en\/wp-json\/wp\/v2\/users\/10"}],"replies":[{"embeddable":true,"href":"https:\/\/www.barfzeit.com\/en\/wp-json\/wp\/v2\/comments?post=774"}],"version-history":[{"count":0,"href":"https:\/\/www.barfzeit.com\/en\/wp-json\/wp\/v2\/pages\/774\/revisions"}],"wp:attachment":[{"href":"https:\/\/www.barfzeit.com\/en\/wp-json\/wp\/v2\/media?parent=774"}],"curies":[{"name":"wp","href":"https:\/\/api.w.org\/{rel}","templated":true}]}}