{"id":3957,"date":"2023-10-28T03:57:29","date_gmt":"2023-10-28T01:57:29","guid":{"rendered":"https:\/\/www.barfzeit.com\/?post_type=product&#038;p=3957"},"modified":"2025-05-31T00:30:02","modified_gmt":"2025-05-30T22:30:02","slug":"ernaehrungsplan-bundle","status":"publish","type":"product","link":"https:\/\/www.barfzeit.com\/en\/shop\/ernaehrungsplan-bundle\/","title":{"rendered":"Bundle - Nutrition Plan - Puppy &amp; Young Dog (from moving in until 12 months of age)"},"content":{"rendered":"<p>A balanced and individual diet is very important. With my help you can offer your four-legged friend only the best. A long and healthy life always begins with the right feeding.<br \/>\nAfter you purchase a nutrition plan, you will be redirected to a page where you can fill out your questionnaire.<\/p>\n<p>&nbsp;<\/p>\n<p>Once the questionnaire is completed, I will develop a diet plan customized to 100% your dog.<\/p>\n<p>&nbsp;<\/p>\n<p>All nutritional plans are created individually, needs-covering as well as with a lot of love. After I have finished all calculations, everything is checked again by a professional nutritionist tool - a little assurance for you and me:).<\/p>\n<p>&nbsp;<\/p>\n<p>Each diet plan also gets a conversion plan, a step by step guide on how to get your dog used to raw meat.<br \/>\nIn addition to a diet plan you get a lot of information about barfing:<br \/>\n- Why is the ration composed in this way and not differently<br \/>\n- Why feed individual components, portioning and thawing, the issue of hygiene.<br \/>\n- And much more...<\/p>\n<p>&nbsp;<\/p>\n<p>To make the changeover and barfing itself easy for you, you will receive 1:1 support. Regular plan adjustments are particularly important for puppies and young dogs, as these dogs are growing and their needs are changing. You can contact me at any time and ask me questions. It is important to me that your dog's diet is easy for you to understand and implement.<\/p>\n<p>&nbsp;<\/p>\n<p>You will get the complete nutrition plan sent to your home digitally, but also in paper form. I wanted to do something different, as 99% the nutritionist and have opted for plans in paper form. A personalized BARFZEIT folder, the conversion plan, the nutrition plan, plus lots of info and helpful recipes!:) Shipping is free for you.<\/p>\n<p>&nbsp;<\/p>\n<p>I look forward to meeting you and your dog! If you have any questions before buying, please contact me by e-mail: <a href=\"mailto:info@barfzeit.com\">info@barfzeit.com<\/a><\/p>","protected":false},"excerpt":{"rendered":"<ul>\n<li>\u00a0Individual nutrition plan<\/li>\n<li>Over 40 pages with information about barfing<\/li>\n<li>Regular adjustments up to 12 months of age<\/li>\n<li>Conversion plan to get your dog used to raw meat including<\/li>\n<li>Helpful recipes included<\/li>\n<li>Digitally as a download &amp; within 3 working days after completion of the plan, in a BARFZEIT folder in paper form at your home<\/li>\n<\/ul>","protected":false},"featured_media":6161,"comment_status":"open","ping_status":"closed","template":"","meta":[],"product_brand":[],"product_cat":[88],"product_tag":[],"class_list":{"0":"post-3957","1":"product","2":"type-product","3":"status-publish","4":"has-post-thumbnail","6":"product_cat-ernaehrungsplan","8":"first","9":"instock","10":"sale","11":"downloadable","12":"virtual","13":"purchasable","14":"product-type-simple"},"yoast_head":"<!-- This site is optimized with the Yoast SEO plugin v27.3 - https:\/\/yoast.com\/product\/yoast-seo-wordpress\/ -->\n<title>Bundle - Ern\u00e4hrungsplan - Welpe &amp; Junghund (ab dem Einzug bis zum 12. Lebensmonat) - Barfzeit<\/title>\n<meta name=\"robots\" content=\"index, follow, max-snippet:-1, max-image-preview:large, max-video-preview:-1\" \/>\n<link rel=\"canonical\" href=\"https:\/\/www.barfzeit.com\/en\/shop\/ernaehrungsplan-bundle\/\" \/>\n<meta property=\"og:locale\" content=\"en_US\" \/>\n<meta property=\"og:type\" content=\"article\" \/>\n<meta property=\"og:title\" content=\"Bundle - Ern\u00e4hrungsplan - Welpe &amp; Junghund (ab dem Einzug bis zum 12. Lebensmonat) - Barfzeit\" \/>\n<meta property=\"og:description\" content=\"\u00a0Individueller Ern\u00e4hrungsplan  \u00dcber 40 Seiten mit Informationen \u00fcber das Barfen  Regelm\u00e4\u00dfige Anpassungen bis zum 12.Lebensmonat  Umstellungsplan um deinen Hund an rohes Fleisch zu gew\u00f6hnen inklusive  Hilfreiche Rezepte inklusive  Digital als Download &amp; Innerhalb von 3 Werktagen, nach Fertigstellung des Plans, in einer BARFZEIT Mappe in Papierform bei dir zu Hause\" \/>\n<meta property=\"og:url\" content=\"https:\/\/www.barfzeit.com\/en\/shop\/ernaehrungsplan-bundle\/\" \/>\n<meta property=\"og:site_name\" content=\"Barfzeit\" \/>\n<meta property=\"article:modified_time\" content=\"2025-05-30T22:30:02+00:00\" \/>\n<meta property=\"og:image\" content=\"https:\/\/www.barfzeit.com\/wp-content\/uploads\/2023\/10\/1-3.jpg\" \/>\n\t<meta property=\"og:image:width\" content=\"2160\" \/>\n\t<meta property=\"og:image:height\" content=\"2160\" \/>\n\t<meta property=\"og:image:type\" content=\"image\/jpeg\" \/>\n<meta name=\"twitter:card\" content=\"summary_large_image\" \/>\n<meta name=\"twitter:label1\" content=\"Est. reading time\" \/>\n\t<meta name=\"twitter:data1\" content=\"2 minutes\" \/>\n<script type=\"application\/ld+json\" class=\"yoast-schema-graph\">{\"@context\":\"https:\\\/\\\/schema.org\",\"@graph\":[{\"@type\":\"WebPage\",\"@id\":\"https:\\\/\\\/www.barfzeit.com\\\/shop\\\/ernaehrungsplan-bundle\\\/\",\"url\":\"https:\\\/\\\/www.barfzeit.com\\\/shop\\\/ernaehrungsplan-bundle\\\/\",\"name\":\"Bundle - Ern\u00e4hrungsplan - Welpe & Junghund (ab dem Einzug bis zum 12. Lebensmonat) - Barfzeit\",\"isPartOf\":{\"@id\":\"https:\\\/\\\/www.barfzeit.com\\\/#website\"},\"primaryImageOfPage\":{\"@id\":\"https:\\\/\\\/www.barfzeit.com\\\/shop\\\/ernaehrungsplan-bundle\\\/#primaryimage\"},\"image\":{\"@id\":\"https:\\\/\\\/www.barfzeit.com\\\/shop\\\/ernaehrungsplan-bundle\\\/#primaryimage\"},\"thumbnailUrl\":\"https:\\\/\\\/www.barfzeit.com\\\/wp-content\\\/uploads\\\/2023\\\/10\\\/1-3.jpg\",\"datePublished\":\"2023-10-28T01:57:29+00:00\",\"dateModified\":\"2025-05-30T22:30:02+00:00\",\"breadcrumb\":{\"@id\":\"https:\\\/\\\/www.barfzeit.com\\\/shop\\\/ernaehrungsplan-bundle\\\/#breadcrumb\"},\"inLanguage\":\"en-US\",\"potentialAction\":[{\"@type\":\"ReadAction\",\"target\":[\"https:\\\/\\\/www.barfzeit.com\\\/shop\\\/ernaehrungsplan-bundle\\\/\"]}]},{\"@type\":\"ImageObject\",\"inLanguage\":\"en-US\",\"@id\":\"https:\\\/\\\/www.barfzeit.com\\\/shop\\\/ernaehrungsplan-bundle\\\/#primaryimage\",\"url\":\"https:\\\/\\\/www.barfzeit.com\\\/wp-content\\\/uploads\\\/2023\\\/10\\\/1-3.jpg\",\"contentUrl\":\"https:\\\/\\\/www.barfzeit.com\\\/wp-content\\\/uploads\\\/2023\\\/10\\\/1-3.jpg\",\"width\":2160,\"height\":2160},{\"@type\":\"BreadcrumbList\",\"@id\":\"https:\\\/\\\/www.barfzeit.com\\\/shop\\\/ernaehrungsplan-bundle\\\/#breadcrumb\",\"itemListElement\":[{\"@type\":\"ListItem\",\"position\":1,\"name\":\"Home\",\"item\":\"https:\\\/\\\/www.barfzeit.com\\\/step\\\/barfzeit-ernaehrungsplan-a\\\/\"},{\"@type\":\"ListItem\",\"position\":2,\"name\":\"Shop\",\"item\":\"https:\\\/\\\/www.barfzeit.com\\\/shop\\\/\"},{\"@type\":\"ListItem\",\"position\":3,\"name\":\"Bundle &#8211; Ern\u00e4hrungsplan &#8211; Welpe &#038; Junghund (ab dem Einzug bis zum 12. Lebensmonat)\"}]},{\"@type\":\"WebSite\",\"@id\":\"https:\\\/\\\/www.barfzeit.com\\\/#website\",\"url\":\"https:\\\/\\\/www.barfzeit.com\\\/\",\"name\":\"Barfzeit\",\"description\":\"\",\"publisher\":{\"@id\":\"https:\\\/\\\/www.barfzeit.com\\\/#organization\"},\"potentialAction\":[{\"@type\":\"SearchAction\",\"target\":{\"@type\":\"EntryPoint\",\"urlTemplate\":\"https:\\\/\\\/www.barfzeit.com\\\/?s={search_term_string}\"},\"query-input\":{\"@type\":\"PropertyValueSpecification\",\"valueRequired\":true,\"valueName\":\"search_term_string\"}}],\"inLanguage\":\"en-US\"},{\"@type\":\"Organization\",\"@id\":\"https:\\\/\\\/www.barfzeit.com\\\/#organization\",\"name\":\"Barfzeit\",\"url\":\"https:\\\/\\\/www.barfzeit.com\\\/\",\"logo\":{\"@type\":\"ImageObject\",\"inLanguage\":\"en-US\",\"@id\":\"https:\\\/\\\/www.barfzeit.com\\\/#\\\/schema\\\/logo\\\/image\\\/\",\"url\":\"https:\\\/\\\/www.barfzeit.com\\\/wp-content\\\/uploads\\\/2023\\\/11\\\/Logo.png\",\"contentUrl\":\"https:\\\/\\\/www.barfzeit.com\\\/wp-content\\\/uploads\\\/2023\\\/11\\\/Logo.png\",\"width\":1080,\"height\":1080,\"caption\":\"Barfzeit\"},\"image\":{\"@id\":\"https:\\\/\\\/www.barfzeit.com\\\/#\\\/schema\\\/logo\\\/image\\\/\"}}]}<\/script>\n<!-- \/ Yoast SEO plugin. -->","yoast_head_json":{"title":"Bundle - Nutrition plan - Puppy &amp; young dog (from moving in until 12 months of age) - Barfzeit","robots":{"index":"index","follow":"follow","max-snippet":"max-snippet:-1","max-image-preview":"max-image-preview:large","max-video-preview":"max-video-preview:-1"},"canonical":"https:\/\/www.barfzeit.com\/en\/shop\/ernaehrungsplan-bundle\/","og_locale":"en_US","og_type":"article","og_title":"Bundle - Ern\u00e4hrungsplan - Welpe & Junghund (ab dem Einzug bis zum 12. Lebensmonat) - Barfzeit","og_description":"\u00a0Individueller Ern\u00e4hrungsplan  \u00dcber 40 Seiten mit Informationen \u00fcber das Barfen  Regelm\u00e4\u00dfige Anpassungen bis zum 12.Lebensmonat  Umstellungsplan um deinen Hund an rohes Fleisch zu gew\u00f6hnen inklusive  Hilfreiche Rezepte inklusive  Digital als Download &amp; Innerhalb von 3 Werktagen, nach Fertigstellung des Plans, in einer BARFZEIT Mappe in Papierform bei dir zu Hause","og_url":"https:\/\/www.barfzeit.com\/en\/shop\/ernaehrungsplan-bundle\/","og_site_name":"Barfzeit","article_modified_time":"2025-05-30T22:30:02+00:00","og_image":[{"width":2160,"height":2160,"url":"https:\/\/www.barfzeit.com\/wp-content\/uploads\/2023\/10\/1-3.jpg","type":"image\/jpeg"}],"twitter_card":"summary_large_image","twitter_misc":{"Est. reading time":"2 minutes"},"schema":{"@context":"https:\/\/schema.org","@graph":[{"@type":"WebPage","@id":"https:\/\/www.barfzeit.com\/shop\/ernaehrungsplan-bundle\/","url":"https:\/\/www.barfzeit.com\/shop\/ernaehrungsplan-bundle\/","name":"Bundle - Nutrition plan - Puppy &amp; young dog (from moving in until 12 months of age) - Barfzeit","isPartOf":{"@id":"https:\/\/www.barfzeit.com\/#website"},"primaryImageOfPage":{"@id":"https:\/\/www.barfzeit.com\/shop\/ernaehrungsplan-bundle\/#primaryimage"},"image":{"@id":"https:\/\/www.barfzeit.com\/shop\/ernaehrungsplan-bundle\/#primaryimage"},"thumbnailUrl":"https:\/\/www.barfzeit.com\/wp-content\/uploads\/2023\/10\/1-3.jpg","datePublished":"2023-10-28T01:57:29+00:00","dateModified":"2025-05-30T22:30:02+00:00","breadcrumb":{"@id":"https:\/\/www.barfzeit.com\/shop\/ernaehrungsplan-bundle\/#breadcrumb"},"inLanguage":"en-US","potentialAction":[{"@type":"ReadAction","target":["https:\/\/www.barfzeit.com\/shop\/ernaehrungsplan-bundle\/"]}]},{"@type":"ImageObject","inLanguage":"en-US","@id":"https:\/\/www.barfzeit.com\/shop\/ernaehrungsplan-bundle\/#primaryimage","url":"https:\/\/www.barfzeit.com\/wp-content\/uploads\/2023\/10\/1-3.jpg","contentUrl":"https:\/\/www.barfzeit.com\/wp-content\/uploads\/2023\/10\/1-3.jpg","width":2160,"height":2160},{"@type":"BreadcrumbList","@id":"https:\/\/www.barfzeit.com\/shop\/ernaehrungsplan-bundle\/#breadcrumb","itemListElement":[{"@type":"ListItem","position":1,"name":"Home","item":"https:\/\/www.barfzeit.com\/step\/barfzeit-ernaehrungsplan-a\/"},{"@type":"ListItem","position":2,"name":"Shop","item":"https:\/\/www.barfzeit.com\/shop\/"},{"@type":"ListItem","position":3,"name":"Bundle &#8211; Ern\u00e4hrungsplan &#8211; Welpe &#038; Junghund (ab dem Einzug bis zum 12. Lebensmonat)"}]},{"@type":"WebSite","@id":"https:\/\/www.barfzeit.com\/#website","url":"https:\/\/www.barfzeit.com\/","name":"Barf time","description":"","publisher":{"@id":"https:\/\/www.barfzeit.com\/#organization"},"potentialAction":[{"@type":"SearchAction","target":{"@type":"EntryPoint","urlTemplate":"https:\/\/www.barfzeit.com\/?s={search_term_string}"},"query-input":{"@type":"PropertyValueSpecification","valueRequired":true,"valueName":"search_term_string"}}],"inLanguage":"en-US"},{"@type":"Organization","@id":"https:\/\/www.barfzeit.com\/#organization","name":"Barf time","url":"https:\/\/www.barfzeit.com\/","logo":{"@type":"ImageObject","inLanguage":"en-US","@id":"https:\/\/www.barfzeit.com\/#\/schema\/logo\/image\/","url":"https:\/\/www.barfzeit.com\/wp-content\/uploads\/2023\/11\/Logo.png","contentUrl":"https:\/\/www.barfzeit.com\/wp-content\/uploads\/2023\/11\/Logo.png","width":1080,"height":1080,"caption":"Barfzeit"},"image":{"@id":"https:\/\/www.barfzeit.com\/#\/schema\/logo\/image\/"}}]}},"jetpack_sharing_enabled":true,"_links":{"self":[{"href":"https:\/\/www.barfzeit.com\/en\/wp-json\/wp\/v2\/product\/3957","targetHints":{"allow":["GET"]}}],"collection":[{"href":"https:\/\/www.barfzeit.com\/en\/wp-json\/wp\/v2\/product"}],"about":[{"href":"https:\/\/www.barfzeit.com\/en\/wp-json\/wp\/v2\/types\/product"}],"replies":[{"embeddable":true,"href":"https:\/\/www.barfzeit.com\/en\/wp-json\/wp\/v2\/comments?post=3957"}],"version-history":[{"count":0,"href":"https:\/\/www.barfzeit.com\/en\/wp-json\/wp\/v2\/product\/3957\/revisions"}],"wp:featuredmedia":[{"embeddable":true,"href":"https:\/\/www.barfzeit.com\/en\/wp-json\/wp\/v2\/media\/6161"}],"wp:attachment":[{"href":"https:\/\/www.barfzeit.com\/en\/wp-json\/wp\/v2\/media?parent=3957"}],"wp:term":[{"taxonomy":"product_brand","embeddable":true,"href":"https:\/\/www.barfzeit.com\/en\/wp-json\/wp\/v2\/product_brand?post=3957"},{"taxonomy":"product_cat","embeddable":true,"href":"https:\/\/www.barfzeit.com\/en\/wp-json\/wp\/v2\/product_cat?post=3957"},{"taxonomy":"product_tag","embeddable":true,"href":"https:\/\/www.barfzeit.com\/en\/wp-json\/wp\/v2\/product_tag?post=3957"}],"curies":[{"name":"wp","href":"https:\/\/api.w.org\/{rel}","templated":true}]}}