{"id":6199,"date":"2024-12-20T02:21:35","date_gmt":"2024-12-20T01:21:35","guid":{"rendered":"https:\/\/www.barfzeit.com\/?post_type=product&#038;p=6199"},"modified":"2025-05-31T00:27:47","modified_gmt":"2025-05-30T22:27:47","slug":"darmsanierung-fuer-hunde","status":"publish","type":"product","link":"https:\/\/www.barfzeit.com\/en\/shop\/darmsanierung-fuer-hunde\/","title":{"rendered":"Intestinal cleansing for dogs"},"content":{"rendered":"<p class=\"p1\">A healthy gut is the key to a happy dog's life.<b><\/b><\/p>\n<p class=\"p1\">A balanced and targeted intestinal cleanse is essential to promote your dog's well-being and health. With my support, you can help your four-legged friend to build up their intestinal flora and strengthen their immune system. After all, a healthy gut is the basis for optimal nutrient absorption and stable health.<\/p>\n<p class=\"p1\">Regardless of whether your dog has just had a worm infestation, is taking antibiotics or other medication or is struggling with digestive problems - a targeted intestinal cleanse can provide optimal support.<\/p>\n<p class=\"p1\">The gut is like a second immune system for our dogs. If this delicate balance is upset, the whole body can suffer. By carefully restoring the intestinal flora, you can help your dog to regain its balance. This not only creates the basis for healthy digestion, but also supports the treatment of many ailments and promotes the general well-being of your four-legged friend.<\/p>\n<p>Each intestinal cleanse should be individually tailored to your dog's complaints and symptoms. After you have booked a gut cleanse, I will contact you by email to discuss everything important.<\/p>\n<p>&nbsp;<\/p>\n<p class=\"p1\">Together we'll make sure that your dog feels good all round and is full of energy again!<\/p>\n<p>I look forward to meeting you and your dog. If you have any questions before buying, please contact me by mail: <a href=\"mailto:info@barfzeit.com\">info@barfzeit.com<\/a><\/p>\n<p>&nbsp;<\/p>","protected":false},"excerpt":{"rendered":"<ul>\n<li>Supports the recovery of the intestinal flora<\/li>\n<li>Relieves complaints such as diarrhea, flatulence and discomfort<\/li>\n<li>Promotes a strong immune system and nutrient absorption<\/li>\n<li>Supports the intestines in the event of a worm infestation<\/li>\n<li>Great supplement during or after an elimination diet<\/li>\n<\/ul>","protected":false},"featured_media":6200,"comment_status":"open","ping_status":"closed","template":"","meta":[],"product_brand":[],"product_cat":[99,100],"product_tag":[],"class_list":{"0":"post-6199","1":"product","2":"type-product","3":"status-publish","4":"has-post-thumbnail","6":"product_cat-hilfe-bei-beschwerden","7":"product_cat-darmsanierung","9":"first","10":"instock","11":"virtual","12":"purchasable","13":"product-type-simple"},"yoast_head":"<!-- This site is optimized with the Yoast SEO plugin v27.3 - https:\/\/yoast.com\/product\/yoast-seo-wordpress\/ -->\n<title>Darmsanierung f\u00fcr Hunde - Barfzeit<\/title>\n<meta name=\"robots\" content=\"index, follow, max-snippet:-1, max-image-preview:large, max-video-preview:-1\" \/>\n<link rel=\"canonical\" href=\"https:\/\/www.barfzeit.com\/en\/shop\/darmsanierung-fuer-hunde\/\" \/>\n<meta property=\"og:locale\" content=\"en_US\" \/>\n<meta property=\"og:type\" content=\"article\" \/>\n<meta property=\"og:title\" content=\"Darmsanierung f\u00fcr Hunde - Barfzeit\" \/>\n<meta property=\"og:description\" content=\"Unterst\u00fctzt die Genesung der Darmflora  Lindert Beschwerden wie Durchfall, Bl\u00e4hungen und Unwohlsein  F\u00f6rdert ein starkes Immunsystem und die N\u00e4hrstoffaufnahme  Unterst\u00fctzt den Darm bei einem Wurmbefall  Tolle Erg\u00e4nzung bei oder nach einer Ausschlussdi\u00e4t\" \/>\n<meta property=\"og:url\" content=\"https:\/\/www.barfzeit.com\/en\/shop\/darmsanierung-fuer-hunde\/\" \/>\n<meta property=\"og:site_name\" content=\"Barfzeit\" \/>\n<meta property=\"article:modified_time\" content=\"2025-05-30T22:27:47+00:00\" \/>\n<meta property=\"og:image\" content=\"https:\/\/www.barfzeit.com\/wp-content\/uploads\/2024\/12\/1.jpg\" \/>\n\t<meta property=\"og:image:width\" content=\"2160\" \/>\n\t<meta property=\"og:image:height\" content=\"2160\" \/>\n\t<meta property=\"og:image:type\" content=\"image\/jpeg\" \/>\n<meta name=\"twitter:card\" content=\"summary_large_image\" \/>\n<meta name=\"twitter:label1\" content=\"Est. reading time\" \/>\n\t<meta name=\"twitter:data1\" content=\"2 minutes\" \/>\n<script type=\"application\/ld+json\" class=\"yoast-schema-graph\">{\"@context\":\"https:\\\/\\\/schema.org\",\"@graph\":[{\"@type\":\"WebPage\",\"@id\":\"https:\\\/\\\/www.barfzeit.com\\\/shop\\\/darmsanierung-fuer-hunde\\\/\",\"url\":\"https:\\\/\\\/www.barfzeit.com\\\/shop\\\/darmsanierung-fuer-hunde\\\/\",\"name\":\"Darmsanierung f\u00fcr Hunde - Barfzeit\",\"isPartOf\":{\"@id\":\"https:\\\/\\\/www.barfzeit.com\\\/#website\"},\"primaryImageOfPage\":{\"@id\":\"https:\\\/\\\/www.barfzeit.com\\\/shop\\\/darmsanierung-fuer-hunde\\\/#primaryimage\"},\"image\":{\"@id\":\"https:\\\/\\\/www.barfzeit.com\\\/shop\\\/darmsanierung-fuer-hunde\\\/#primaryimage\"},\"thumbnailUrl\":\"https:\\\/\\\/www.barfzeit.com\\\/wp-content\\\/uploads\\\/2024\\\/12\\\/1.jpg\",\"datePublished\":\"2024-12-20T01:21:35+00:00\",\"dateModified\":\"2025-05-30T22:27:47+00:00\",\"breadcrumb\":{\"@id\":\"https:\\\/\\\/www.barfzeit.com\\\/shop\\\/darmsanierung-fuer-hunde\\\/#breadcrumb\"},\"inLanguage\":\"en-US\",\"potentialAction\":[{\"@type\":\"ReadAction\",\"target\":[\"https:\\\/\\\/www.barfzeit.com\\\/shop\\\/darmsanierung-fuer-hunde\\\/\"]}]},{\"@type\":\"ImageObject\",\"inLanguage\":\"en-US\",\"@id\":\"https:\\\/\\\/www.barfzeit.com\\\/shop\\\/darmsanierung-fuer-hunde\\\/#primaryimage\",\"url\":\"https:\\\/\\\/www.barfzeit.com\\\/wp-content\\\/uploads\\\/2024\\\/12\\\/1.jpg\",\"contentUrl\":\"https:\\\/\\\/www.barfzeit.com\\\/wp-content\\\/uploads\\\/2024\\\/12\\\/1.jpg\",\"width\":2160,\"height\":2160},{\"@type\":\"BreadcrumbList\",\"@id\":\"https:\\\/\\\/www.barfzeit.com\\\/shop\\\/darmsanierung-fuer-hunde\\\/#breadcrumb\",\"itemListElement\":[{\"@type\":\"ListItem\",\"position\":1,\"name\":\"Home\",\"item\":\"https:\\\/\\\/www.barfzeit.com\\\/step\\\/barfzeit-ernaehrungsplan-a\\\/\"},{\"@type\":\"ListItem\",\"position\":2,\"name\":\"Shop\",\"item\":\"https:\\\/\\\/www.barfzeit.com\\\/shop\\\/\"},{\"@type\":\"ListItem\",\"position\":3,\"name\":\"Darmsanierung f\u00fcr Hunde\"}]},{\"@type\":\"WebSite\",\"@id\":\"https:\\\/\\\/www.barfzeit.com\\\/#website\",\"url\":\"https:\\\/\\\/www.barfzeit.com\\\/\",\"name\":\"Barfzeit\",\"description\":\"\",\"publisher\":{\"@id\":\"https:\\\/\\\/www.barfzeit.com\\\/#organization\"},\"potentialAction\":[{\"@type\":\"SearchAction\",\"target\":{\"@type\":\"EntryPoint\",\"urlTemplate\":\"https:\\\/\\\/www.barfzeit.com\\\/?s={search_term_string}\"},\"query-input\":{\"@type\":\"PropertyValueSpecification\",\"valueRequired\":true,\"valueName\":\"search_term_string\"}}],\"inLanguage\":\"en-US\"},{\"@type\":\"Organization\",\"@id\":\"https:\\\/\\\/www.barfzeit.com\\\/#organization\",\"name\":\"Barfzeit\",\"url\":\"https:\\\/\\\/www.barfzeit.com\\\/\",\"logo\":{\"@type\":\"ImageObject\",\"inLanguage\":\"en-US\",\"@id\":\"https:\\\/\\\/www.barfzeit.com\\\/#\\\/schema\\\/logo\\\/image\\\/\",\"url\":\"https:\\\/\\\/www.barfzeit.com\\\/wp-content\\\/uploads\\\/2023\\\/11\\\/Logo.png\",\"contentUrl\":\"https:\\\/\\\/www.barfzeit.com\\\/wp-content\\\/uploads\\\/2023\\\/11\\\/Logo.png\",\"width\":1080,\"height\":1080,\"caption\":\"Barfzeit\"},\"image\":{\"@id\":\"https:\\\/\\\/www.barfzeit.com\\\/#\\\/schema\\\/logo\\\/image\\\/\"}}]}<\/script>\n<!-- \/ Yoast SEO plugin. -->","yoast_head_json":{"title":"Darmsanierung f\u00fcr Hunde - Barfzeit","robots":{"index":"index","follow":"follow","max-snippet":"max-snippet:-1","max-image-preview":"max-image-preview:large","max-video-preview":"max-video-preview:-1"},"canonical":"https:\/\/www.barfzeit.com\/en\/shop\/darmsanierung-fuer-hunde\/","og_locale":"en_US","og_type":"article","og_title":"Darmsanierung f\u00fcr Hunde - Barfzeit","og_description":"Unterst\u00fctzt die Genesung der Darmflora  Lindert Beschwerden wie Durchfall, Bl\u00e4hungen und Unwohlsein  F\u00f6rdert ein starkes Immunsystem und die N\u00e4hrstoffaufnahme  Unterst\u00fctzt den Darm bei einem Wurmbefall  Tolle Erg\u00e4nzung bei oder nach einer Ausschlussdi\u00e4t","og_url":"https:\/\/www.barfzeit.com\/en\/shop\/darmsanierung-fuer-hunde\/","og_site_name":"Barfzeit","article_modified_time":"2025-05-30T22:27:47+00:00","og_image":[{"width":2160,"height":2160,"url":"https:\/\/www.barfzeit.com\/wp-content\/uploads\/2024\/12\/1.jpg","type":"image\/jpeg"}],"twitter_card":"summary_large_image","twitter_misc":{"Est. reading time":"2 minutes"},"schema":{"@context":"https:\/\/schema.org","@graph":[{"@type":"WebPage","@id":"https:\/\/www.barfzeit.com\/shop\/darmsanierung-fuer-hunde\/","url":"https:\/\/www.barfzeit.com\/shop\/darmsanierung-fuer-hunde\/","name":"Darmsanierung f\u00fcr Hunde - Barfzeit","isPartOf":{"@id":"https:\/\/www.barfzeit.com\/#website"},"primaryImageOfPage":{"@id":"https:\/\/www.barfzeit.com\/shop\/darmsanierung-fuer-hunde\/#primaryimage"},"image":{"@id":"https:\/\/www.barfzeit.com\/shop\/darmsanierung-fuer-hunde\/#primaryimage"},"thumbnailUrl":"https:\/\/www.barfzeit.com\/wp-content\/uploads\/2024\/12\/1.jpg","datePublished":"2024-12-20T01:21:35+00:00","dateModified":"2025-05-30T22:27:47+00:00","breadcrumb":{"@id":"https:\/\/www.barfzeit.com\/shop\/darmsanierung-fuer-hunde\/#breadcrumb"},"inLanguage":"en-US","potentialAction":[{"@type":"ReadAction","target":["https:\/\/www.barfzeit.com\/shop\/darmsanierung-fuer-hunde\/"]}]},{"@type":"ImageObject","inLanguage":"en-US","@id":"https:\/\/www.barfzeit.com\/shop\/darmsanierung-fuer-hunde\/#primaryimage","url":"https:\/\/www.barfzeit.com\/wp-content\/uploads\/2024\/12\/1.jpg","contentUrl":"https:\/\/www.barfzeit.com\/wp-content\/uploads\/2024\/12\/1.jpg","width":2160,"height":2160},{"@type":"BreadcrumbList","@id":"https:\/\/www.barfzeit.com\/shop\/darmsanierung-fuer-hunde\/#breadcrumb","itemListElement":[{"@type":"ListItem","position":1,"name":"Home","item":"https:\/\/www.barfzeit.com\/step\/barfzeit-ernaehrungsplan-a\/"},{"@type":"ListItem","position":2,"name":"Shop","item":"https:\/\/www.barfzeit.com\/shop\/"},{"@type":"ListItem","position":3,"name":"Darmsanierung f\u00fcr Hunde"}]},{"@type":"WebSite","@id":"https:\/\/www.barfzeit.com\/#website","url":"https:\/\/www.barfzeit.com\/","name":"Barf time","description":"","publisher":{"@id":"https:\/\/www.barfzeit.com\/#organization"},"potentialAction":[{"@type":"SearchAction","target":{"@type":"EntryPoint","urlTemplate":"https:\/\/www.barfzeit.com\/?s={search_term_string}"},"query-input":{"@type":"PropertyValueSpecification","valueRequired":true,"valueName":"search_term_string"}}],"inLanguage":"en-US"},{"@type":"Organization","@id":"https:\/\/www.barfzeit.com\/#organization","name":"Barf time","url":"https:\/\/www.barfzeit.com\/","logo":{"@type":"ImageObject","inLanguage":"en-US","@id":"https:\/\/www.barfzeit.com\/#\/schema\/logo\/image\/","url":"https:\/\/www.barfzeit.com\/wp-content\/uploads\/2023\/11\/Logo.png","contentUrl":"https:\/\/www.barfzeit.com\/wp-content\/uploads\/2023\/11\/Logo.png","width":1080,"height":1080,"caption":"Barfzeit"},"image":{"@id":"https:\/\/www.barfzeit.com\/#\/schema\/logo\/image\/"}}]}},"jetpack_sharing_enabled":true,"_links":{"self":[{"href":"https:\/\/www.barfzeit.com\/en\/wp-json\/wp\/v2\/product\/6199","targetHints":{"allow":["GET"]}}],"collection":[{"href":"https:\/\/www.barfzeit.com\/en\/wp-json\/wp\/v2\/product"}],"about":[{"href":"https:\/\/www.barfzeit.com\/en\/wp-json\/wp\/v2\/types\/product"}],"replies":[{"embeddable":true,"href":"https:\/\/www.barfzeit.com\/en\/wp-json\/wp\/v2\/comments?post=6199"}],"version-history":[{"count":0,"href":"https:\/\/www.barfzeit.com\/en\/wp-json\/wp\/v2\/product\/6199\/revisions"}],"wp:featuredmedia":[{"embeddable":true,"href":"https:\/\/www.barfzeit.com\/en\/wp-json\/wp\/v2\/media\/6200"}],"wp:attachment":[{"href":"https:\/\/www.barfzeit.com\/en\/wp-json\/wp\/v2\/media?parent=6199"}],"wp:term":[{"taxonomy":"product_brand","embeddable":true,"href":"https:\/\/www.barfzeit.com\/en\/wp-json\/wp\/v2\/product_brand?post=6199"},{"taxonomy":"product_cat","embeddable":true,"href":"https:\/\/www.barfzeit.com\/en\/wp-json\/wp\/v2\/product_cat?post=6199"},{"taxonomy":"product_tag","embeddable":true,"href":"https:\/\/www.barfzeit.com\/en\/wp-json\/wp\/v2\/product_tag?post=6199"}],"curies":[{"name":"wp","href":"https:\/\/api.w.org\/{rel}","templated":true}]}}