{"id":6428,"date":"2024-12-20T18:16:02","date_gmt":"2024-12-20T17:16:02","guid":{"rendered":"https:\/\/www.barfzeit.com\/?post_type=product&#038;p=6428"},"modified":"2025-05-31T00:27:47","modified_gmt":"2025-05-30T22:27:47","slug":"plananpassung-fuer-bestandskunden","status":"publish","type":"product","link":"https:\/\/www.barfzeit.com\/en\/shop\/plananpassung-fuer-bestandskunden\/","title":{"rendered":"Plan adjustment for existing customers"},"content":{"rendered":"<p class=\"p1\">You already have a Barfzeit diet plan, your care period has expired and you would like to make a few small changes to your dog's food plan?<\/p>\n<p>&nbsp;<\/p>\n<p>I can make many small changes when adapting a plan. For example:<\/p>\n<p>&nbsp;<\/p>\n<ul>\n<li>Change protein source: you have noticed that your dog can no longer tolerate beef<\/li>\n<li>Adjust the amount of food: you have started exercising with your dog and now he needs more food<\/li>\n<li>small problem: your dog has been diagnosed with a disease such as osteoarthritis and you want to feed him certain supplements<\/li>\n<li>and much more...<\/li>\n<\/ul>\n<p>&nbsp;<\/p>\n<p>After you have booked a plan customization, I will contact you by email to discuss everything else.<\/p>\n<p>&nbsp;<\/p>\n<p>I look forward to meeting you and your dog. If you have any questions before buying, please contact me by mail: <a href=\"mailto:info@barfzeit.com\">info@barfzeit.com<\/a><\/p>\n<p>&nbsp;<\/p>","protected":false},"excerpt":{"rendered":"<ul>\n<li>Exclusively for Barfzeit plans only<\/li>\n<li>To replace a type of meat<\/li>\n<li>To recalculate the feed quantity<\/li>\n<li>For new additives<\/li>\n<li>In the event of a change in weight - your dog has built up muscle, for example<\/li>\n<\/ul>","protected":false},"featured_media":6430,"comment_status":"open","ping_status":"closed","template":"","meta":[],"product_brand":[],"product_cat":[98],"product_tag":[],"class_list":{"0":"post-6428","1":"product","2":"type-product","3":"status-publish","4":"has-post-thumbnail","6":"product_cat-zusatzleistungen","8":"first","9":"instock","10":"virtual","11":"purchasable","12":"product-type-simple"},"yoast_head":"<!-- This site is optimized with the Yoast SEO plugin v27.3 - https:\/\/yoast.com\/product\/yoast-seo-wordpress\/ -->\n<title>Plananpassung f\u00fcr Bestandskunden - Barfzeit<\/title>\n<meta name=\"robots\" content=\"index, follow, max-snippet:-1, max-image-preview:large, max-video-preview:-1\" \/>\n<link rel=\"canonical\" href=\"https:\/\/www.barfzeit.com\/en\/shop\/plananpassung-fuer-bestandskunden\/\" \/>\n<meta property=\"og:locale\" content=\"en_US\" \/>\n<meta property=\"og:type\" content=\"article\" \/>\n<meta property=\"og:title\" content=\"Plananpassung f\u00fcr Bestandskunden - Barfzeit\" \/>\n<meta property=\"og:description\" content=\"Ausschlie\u00dflich nur f\u00fcr Barfzeit Pl\u00e4ne  Um eine Fleischsorte auszutauschen  Um die Futtermenge neu zu berechnen  Bei neuen Zus\u00e4tzen  Bei Gewichtsver\u00e4nderung - dein Hund hat zum Beispiel Muskeln aufgebaut\" \/>\n<meta property=\"og:url\" content=\"https:\/\/www.barfzeit.com\/en\/shop\/plananpassung-fuer-bestandskunden\/\" \/>\n<meta property=\"og:site_name\" content=\"Barfzeit\" \/>\n<meta property=\"article:modified_time\" content=\"2025-05-30T22:27:47+00:00\" \/>\n<meta property=\"og:image\" content=\"https:\/\/www.barfzeit.com\/wp-content\/uploads\/2024\/12\/1-1.jpg\" \/>\n\t<meta property=\"og:image:width\" content=\"2160\" \/>\n\t<meta property=\"og:image:height\" content=\"2160\" \/>\n\t<meta property=\"og:image:type\" content=\"image\/jpeg\" \/>\n<meta name=\"twitter:card\" content=\"summary_large_image\" \/>\n<meta name=\"twitter:label1\" content=\"Est. reading time\" \/>\n\t<meta name=\"twitter:data1\" content=\"1 minute\" \/>\n<script type=\"application\/ld+json\" class=\"yoast-schema-graph\">{\"@context\":\"https:\\\/\\\/schema.org\",\"@graph\":[{\"@type\":\"WebPage\",\"@id\":\"https:\\\/\\\/www.barfzeit.com\\\/shop\\\/plananpassung-fuer-bestandskunden\\\/\",\"url\":\"https:\\\/\\\/www.barfzeit.com\\\/shop\\\/plananpassung-fuer-bestandskunden\\\/\",\"name\":\"Plananpassung f\u00fcr Bestandskunden - Barfzeit\",\"isPartOf\":{\"@id\":\"https:\\\/\\\/www.barfzeit.com\\\/#website\"},\"primaryImageOfPage\":{\"@id\":\"https:\\\/\\\/www.barfzeit.com\\\/shop\\\/plananpassung-fuer-bestandskunden\\\/#primaryimage\"},\"image\":{\"@id\":\"https:\\\/\\\/www.barfzeit.com\\\/shop\\\/plananpassung-fuer-bestandskunden\\\/#primaryimage\"},\"thumbnailUrl\":\"https:\\\/\\\/www.barfzeit.com\\\/wp-content\\\/uploads\\\/2024\\\/12\\\/1-1.jpg\",\"datePublished\":\"2024-12-20T17:16:02+00:00\",\"dateModified\":\"2025-05-30T22:27:47+00:00\",\"breadcrumb\":{\"@id\":\"https:\\\/\\\/www.barfzeit.com\\\/shop\\\/plananpassung-fuer-bestandskunden\\\/#breadcrumb\"},\"inLanguage\":\"en-US\",\"potentialAction\":[{\"@type\":\"ReadAction\",\"target\":[\"https:\\\/\\\/www.barfzeit.com\\\/shop\\\/plananpassung-fuer-bestandskunden\\\/\"]}]},{\"@type\":\"ImageObject\",\"inLanguage\":\"en-US\",\"@id\":\"https:\\\/\\\/www.barfzeit.com\\\/shop\\\/plananpassung-fuer-bestandskunden\\\/#primaryimage\",\"url\":\"https:\\\/\\\/www.barfzeit.com\\\/wp-content\\\/uploads\\\/2024\\\/12\\\/1-1.jpg\",\"contentUrl\":\"https:\\\/\\\/www.barfzeit.com\\\/wp-content\\\/uploads\\\/2024\\\/12\\\/1-1.jpg\",\"width\":2160,\"height\":2160},{\"@type\":\"BreadcrumbList\",\"@id\":\"https:\\\/\\\/www.barfzeit.com\\\/shop\\\/plananpassung-fuer-bestandskunden\\\/#breadcrumb\",\"itemListElement\":[{\"@type\":\"ListItem\",\"position\":1,\"name\":\"Home\",\"item\":\"https:\\\/\\\/www.barfzeit.com\\\/step\\\/barfzeit-ernaehrungsplan-a\\\/\"},{\"@type\":\"ListItem\",\"position\":2,\"name\":\"Shop\",\"item\":\"https:\\\/\\\/www.barfzeit.com\\\/shop\\\/\"},{\"@type\":\"ListItem\",\"position\":3,\"name\":\"Plananpassung f\u00fcr Bestandskunden\"}]},{\"@type\":\"WebSite\",\"@id\":\"https:\\\/\\\/www.barfzeit.com\\\/#website\",\"url\":\"https:\\\/\\\/www.barfzeit.com\\\/\",\"name\":\"Barfzeit\",\"description\":\"\",\"publisher\":{\"@id\":\"https:\\\/\\\/www.barfzeit.com\\\/#organization\"},\"potentialAction\":[{\"@type\":\"SearchAction\",\"target\":{\"@type\":\"EntryPoint\",\"urlTemplate\":\"https:\\\/\\\/www.barfzeit.com\\\/?s={search_term_string}\"},\"query-input\":{\"@type\":\"PropertyValueSpecification\",\"valueRequired\":true,\"valueName\":\"search_term_string\"}}],\"inLanguage\":\"en-US\"},{\"@type\":\"Organization\",\"@id\":\"https:\\\/\\\/www.barfzeit.com\\\/#organization\",\"name\":\"Barfzeit\",\"url\":\"https:\\\/\\\/www.barfzeit.com\\\/\",\"logo\":{\"@type\":\"ImageObject\",\"inLanguage\":\"en-US\",\"@id\":\"https:\\\/\\\/www.barfzeit.com\\\/#\\\/schema\\\/logo\\\/image\\\/\",\"url\":\"https:\\\/\\\/www.barfzeit.com\\\/wp-content\\\/uploads\\\/2023\\\/11\\\/Logo.png\",\"contentUrl\":\"https:\\\/\\\/www.barfzeit.com\\\/wp-content\\\/uploads\\\/2023\\\/11\\\/Logo.png\",\"width\":1080,\"height\":1080,\"caption\":\"Barfzeit\"},\"image\":{\"@id\":\"https:\\\/\\\/www.barfzeit.com\\\/#\\\/schema\\\/logo\\\/image\\\/\"}}]}<\/script>\n<!-- \/ Yoast SEO plugin. -->","yoast_head_json":{"title":"Plananpassung f\u00fcr Bestandskunden - Barfzeit","robots":{"index":"index","follow":"follow","max-snippet":"max-snippet:-1","max-image-preview":"max-image-preview:large","max-video-preview":"max-video-preview:-1"},"canonical":"https:\/\/www.barfzeit.com\/en\/shop\/plananpassung-fuer-bestandskunden\/","og_locale":"en_US","og_type":"article","og_title":"Plananpassung f\u00fcr Bestandskunden - Barfzeit","og_description":"Ausschlie\u00dflich nur f\u00fcr Barfzeit Pl\u00e4ne  Um eine Fleischsorte auszutauschen  Um die Futtermenge neu zu berechnen  Bei neuen Zus\u00e4tzen  Bei Gewichtsver\u00e4nderung - dein Hund hat zum Beispiel Muskeln aufgebaut","og_url":"https:\/\/www.barfzeit.com\/en\/shop\/plananpassung-fuer-bestandskunden\/","og_site_name":"Barfzeit","article_modified_time":"2025-05-30T22:27:47+00:00","og_image":[{"width":2160,"height":2160,"url":"https:\/\/www.barfzeit.com\/wp-content\/uploads\/2024\/12\/1-1.jpg","type":"image\/jpeg"}],"twitter_card":"summary_large_image","twitter_misc":{"Est. reading time":"1 minute"},"schema":{"@context":"https:\/\/schema.org","@graph":[{"@type":"WebPage","@id":"https:\/\/www.barfzeit.com\/shop\/plananpassung-fuer-bestandskunden\/","url":"https:\/\/www.barfzeit.com\/shop\/plananpassung-fuer-bestandskunden\/","name":"Plananpassung f\u00fcr Bestandskunden - Barfzeit","isPartOf":{"@id":"https:\/\/www.barfzeit.com\/#website"},"primaryImageOfPage":{"@id":"https:\/\/www.barfzeit.com\/shop\/plananpassung-fuer-bestandskunden\/#primaryimage"},"image":{"@id":"https:\/\/www.barfzeit.com\/shop\/plananpassung-fuer-bestandskunden\/#primaryimage"},"thumbnailUrl":"https:\/\/www.barfzeit.com\/wp-content\/uploads\/2024\/12\/1-1.jpg","datePublished":"2024-12-20T17:16:02+00:00","dateModified":"2025-05-30T22:27:47+00:00","breadcrumb":{"@id":"https:\/\/www.barfzeit.com\/shop\/plananpassung-fuer-bestandskunden\/#breadcrumb"},"inLanguage":"en-US","potentialAction":[{"@type":"ReadAction","target":["https:\/\/www.barfzeit.com\/shop\/plananpassung-fuer-bestandskunden\/"]}]},{"@type":"ImageObject","inLanguage":"en-US","@id":"https:\/\/www.barfzeit.com\/shop\/plananpassung-fuer-bestandskunden\/#primaryimage","url":"https:\/\/www.barfzeit.com\/wp-content\/uploads\/2024\/12\/1-1.jpg","contentUrl":"https:\/\/www.barfzeit.com\/wp-content\/uploads\/2024\/12\/1-1.jpg","width":2160,"height":2160},{"@type":"BreadcrumbList","@id":"https:\/\/www.barfzeit.com\/shop\/plananpassung-fuer-bestandskunden\/#breadcrumb","itemListElement":[{"@type":"ListItem","position":1,"name":"Home","item":"https:\/\/www.barfzeit.com\/step\/barfzeit-ernaehrungsplan-a\/"},{"@type":"ListItem","position":2,"name":"Shop","item":"https:\/\/www.barfzeit.com\/shop\/"},{"@type":"ListItem","position":3,"name":"Plananpassung f\u00fcr Bestandskunden"}]},{"@type":"WebSite","@id":"https:\/\/www.barfzeit.com\/#website","url":"https:\/\/www.barfzeit.com\/","name":"Barf time","description":"","publisher":{"@id":"https:\/\/www.barfzeit.com\/#organization"},"potentialAction":[{"@type":"SearchAction","target":{"@type":"EntryPoint","urlTemplate":"https:\/\/www.barfzeit.com\/?s={search_term_string}"},"query-input":{"@type":"PropertyValueSpecification","valueRequired":true,"valueName":"search_term_string"}}],"inLanguage":"en-US"},{"@type":"Organization","@id":"https:\/\/www.barfzeit.com\/#organization","name":"Barf time","url":"https:\/\/www.barfzeit.com\/","logo":{"@type":"ImageObject","inLanguage":"en-US","@id":"https:\/\/www.barfzeit.com\/#\/schema\/logo\/image\/","url":"https:\/\/www.barfzeit.com\/wp-content\/uploads\/2023\/11\/Logo.png","contentUrl":"https:\/\/www.barfzeit.com\/wp-content\/uploads\/2023\/11\/Logo.png","width":1080,"height":1080,"caption":"Barfzeit"},"image":{"@id":"https:\/\/www.barfzeit.com\/#\/schema\/logo\/image\/"}}]}},"jetpack_sharing_enabled":true,"_links":{"self":[{"href":"https:\/\/www.barfzeit.com\/en\/wp-json\/wp\/v2\/product\/6428","targetHints":{"allow":["GET"]}}],"collection":[{"href":"https:\/\/www.barfzeit.com\/en\/wp-json\/wp\/v2\/product"}],"about":[{"href":"https:\/\/www.barfzeit.com\/en\/wp-json\/wp\/v2\/types\/product"}],"replies":[{"embeddable":true,"href":"https:\/\/www.barfzeit.com\/en\/wp-json\/wp\/v2\/comments?post=6428"}],"version-history":[{"count":0,"href":"https:\/\/www.barfzeit.com\/en\/wp-json\/wp\/v2\/product\/6428\/revisions"}],"wp:featuredmedia":[{"embeddable":true,"href":"https:\/\/www.barfzeit.com\/en\/wp-json\/wp\/v2\/media\/6430"}],"wp:attachment":[{"href":"https:\/\/www.barfzeit.com\/en\/wp-json\/wp\/v2\/media?parent=6428"}],"wp:term":[{"taxonomy":"product_brand","embeddable":true,"href":"https:\/\/www.barfzeit.com\/en\/wp-json\/wp\/v2\/product_brand?post=6428"},{"taxonomy":"product_cat","embeddable":true,"href":"https:\/\/www.barfzeit.com\/en\/wp-json\/wp\/v2\/product_cat?post=6428"},{"taxonomy":"product_tag","embeddable":true,"href":"https:\/\/www.barfzeit.com\/en\/wp-json\/wp\/v2\/product_tag?post=6428"}],"curies":[{"name":"wp","href":"https:\/\/api.w.org\/{rel}","templated":true}]}}